{"id":44,"date":"2011-06-23T14:10:23","date_gmt":"2011-06-23T14:10:23","guid":{"rendered":"http:\/\/www.fischereiverein-wiesenfelden.de\/\/wordpress\/?page_id=44"},"modified":"2025-01-07T08:14:26","modified_gmt":"2025-01-07T08:14:26","slug":"hauslweiher-und-duscher-albert-weiher","status":"publish","type":"page","link":"http:\/\/www.fischereiverein-wiesenfelden.de\/?page_id=44","title":{"rendered":"H\u00e4uslweiher und Duscher-Albert-Weiher"},"content":{"rendered":"<p>Diese zwei Gew\u00e4sser in H\u00f6henberg wurden 2006 vom Fischereiverein erworben und saniert. Sie bieten\u00a0 dem Verein die optimalen M\u00f6glichkeit zur Nachzucht von eigenen Besatzfischen. Fischen ist dort nicht erlaubt.<\/p>\n<div id='gallery-1' class='gallery galleryid-44 gallery-columns-3 gallery-size-thumbnail'><figure class='gallery-item'>\n\t\t\t<div class='gallery-icon landscape'>\n\t\t\t\t<a href='http:\/\/www.fischereiverein-wiesenfelden.de\/?attachment_id=429'><img loading=\"lazy\" decoding=\"async\" width=\"150\" height=\"150\" src=\"http:\/\/www.fischereiverein-wiesenfelden.de\/wp-content\/uploads\/2011\/06\/Karpfenf\u00fctterung-150x150.jpg\" class=\"attachment-thumbnail size-thumbnail\" alt=\"\" \/><\/a>\n\t\t\t<\/div><\/figure><figure class='gallery-item'>\n\t\t\t<div class='gallery-icon landscape'>\n\t\t\t\t<a href='http:\/\/www.fischereiverein-wiesenfelden.de\/?attachment_id=253'><img loading=\"lazy\" decoding=\"async\" width=\"150\" height=\"150\" src=\"http:\/\/www.fischereiverein-wiesenfelden.de\/wp-content\/uploads\/2011\/06\/P1020051-150x150.jpg\" class=\"attachment-thumbnail size-thumbnail\" alt=\"\" \/><\/a>\n\t\t\t<\/div><\/figure><figure class='gallery-item'>\n\t\t\t<div class='gallery-icon landscape'>\n\t\t\t\t<a href='http:\/\/www.fischereiverein-wiesenfelden.de\/?attachment_id=1087'><img loading=\"lazy\" decoding=\"async\" width=\"150\" height=\"150\" src=\"http:\/\/www.fischereiverein-wiesenfelden.de\/wp-content\/uploads\/2011\/06\/IMG_1523-150x150.jpg\" class=\"attachment-thumbnail size-thumbnail\" alt=\"\" \/><\/a>\n\t\t\t<\/div><\/figure><figure class='gallery-item'>\n\t\t\t<div class='gallery-icon landscape'>\n\t\t\t\t<a href='http:\/\/www.fischereiverein-wiesenfelden.de\/?attachment_id=252'><img loading=\"lazy\" decoding=\"async\" width=\"150\" height=\"150\" src=\"http:\/\/www.fischereiverein-wiesenfelden.de\/wp-content\/uploads\/2011\/06\/P1020038-150x150.jpg\" class=\"attachment-thumbnail size-thumbnail\" alt=\"\" \/><\/a>\n\t\t\t<\/div><\/figure><figure class='gallery-item'>\n\t\t\t<div class='gallery-icon landscape'>\n\t\t\t\t<a href='http:\/\/www.fischereiverein-wiesenfelden.de\/?attachment_id=259'><img loading=\"lazy\" decoding=\"async\" width=\"150\" height=\"150\" src=\"http:\/\/www.fischereiverein-wiesenfelden.de\/wp-content\/uploads\/2011\/06\/P1020070-150x150.jpg\" class=\"attachment-thumbnail size-thumbnail\" alt=\"\" \/><\/a>\n\t\t\t<\/div><\/figure><figure class='gallery-item'>\n\t\t\t<div class='gallery-icon landscape'>\n\t\t\t\t<a href='http:\/\/www.fischereiverein-wiesenfelden.de\/?attachment_id=430'><img loading=\"lazy\" decoding=\"async\" width=\"150\" height=\"150\" src=\"http:\/\/www.fischereiverein-wiesenfelden.de\/wp-content\/uploads\/2011\/06\/Koi-150x150.jpg\" class=\"attachment-thumbnail size-thumbnail\" alt=\"\" \/><\/a>\n\t\t\t<\/div><\/figure><figure class='gallery-item'>\n\t\t\t<div class='gallery-icon landscape'>\n\t\t\t\t<a href='http:\/\/www.fischereiverein-wiesenfelden.de\/?attachment_id=257'><img loading=\"lazy\" decoding=\"async\" width=\"150\" height=\"150\" src=\"http:\/\/www.fischereiverein-wiesenfelden.de\/wp-content\/uploads\/2011\/06\/P1020059-150x150.jpg\" class=\"attachment-thumbnail size-thumbnail\" alt=\"\" \/><\/a>\n\t\t\t<\/div><\/figure><figure class='gallery-item'>\n\t\t\t<div class='gallery-icon landscape'>\n\t\t\t\t<a href='http:\/\/www.fischereiverein-wiesenfelden.de\/?attachment_id=256'><img loading=\"lazy\" decoding=\"async\" width=\"150\" height=\"150\" src=\"http:\/\/www.fischereiverein-wiesenfelden.de\/wp-content\/uploads\/2011\/06\/P1020055-150x150.jpg\" class=\"attachment-thumbnail size-thumbnail\" alt=\"\" \/><\/a>\n\t\t\t<\/div><\/figure><figure class='gallery-item'>\n\t\t\t<div class='gallery-icon landscape'>\n\t\t\t\t<a href='http:\/\/www.fischereiverein-wiesenfelden.de\/?attachment_id=1086'><img loading=\"lazy\" decoding=\"async\" width=\"150\" height=\"150\" src=\"http:\/\/www.fischereiverein-wiesenfelden.de\/wp-content\/uploads\/2011\/06\/IMG_1522-150x150.jpg\" class=\"attachment-thumbnail size-thumbnail\" alt=\"\" \/><\/a>\n\t\t\t<\/div><\/figure><figure class='gallery-item'>\n\t\t\t<div class='gallery-icon landscape'>\n\t\t\t\t<a href='http:\/\/www.fischereiverein-wiesenfelden.de\/?attachment_id=258'><img loading=\"lazy\" decoding=\"async\" width=\"150\" height=\"150\" src=\"http:\/\/www.fischereiverein-wiesenfelden.de\/wp-content\/uploads\/2011\/06\/P1020061-150x150.jpg\" class=\"attachment-thumbnail size-thumbnail\" alt=\"\" \/><\/a>\n\t\t\t<\/div><\/figure><figure class='gallery-item'>\n\t\t\t<div class='gallery-icon landscape'>\n\t\t\t\t<a href='http:\/\/www.fischereiverein-wiesenfelden.de\/?attachment_id=255'><img loading=\"lazy\" decoding=\"async\" width=\"150\" height=\"150\" src=\"http:\/\/www.fischereiverein-wiesenfelden.de\/wp-content\/uploads\/2011\/06\/P1020054-150x150.jpg\" class=\"attachment-thumbnail size-thumbnail\" alt=\"\" \/><\/a>\n\t\t\t<\/div><\/figure><figure class='gallery-item'>\n\t\t\t<div class='gallery-icon landscape'>\n\t\t\t\t<a href='http:\/\/www.fischereiverein-wiesenfelden.de\/?attachment_id=254'><img loading=\"lazy\" decoding=\"async\" width=\"150\" height=\"150\" src=\"http:\/\/www.fischereiverein-wiesenfelden.de\/wp-content\/uploads\/2011\/06\/P1020052-150x150.jpg\" class=\"attachment-thumbnail size-thumbnail\" alt=\"\" \/><\/a>\n\t\t\t<\/div><\/figure><figure class='gallery-item'>\n\t\t\t<div class='gallery-icon landscape'>\n\t\t\t\t<a href='http:\/\/www.fischereiverein-wiesenfelden.de\/?attachment_id=249'><img loading=\"lazy\" decoding=\"async\" width=\"150\" height=\"150\" src=\"http:\/\/www.fischereiverein-wiesenfelden.de\/wp-content\/uploads\/2011\/06\/P1020035-150x150.jpg\" class=\"attachment-thumbnail size-thumbnail\" alt=\"\" \/><\/a>\n\t\t\t<\/div><\/figure><figure class='gallery-item'>\n\t\t\t<div class='gallery-icon landscape'>\n\t\t\t\t<a href='http:\/\/www.fischereiverein-wiesenfelden.de\/?attachment_id=250'><img loading=\"lazy\" decoding=\"async\" width=\"150\" height=\"150\" src=\"http:\/\/www.fischereiverein-wiesenfelden.de\/wp-content\/uploads\/2011\/06\/P1020036-150x150.jpg\" class=\"attachment-thumbnail size-thumbnail\" alt=\"\" \/><\/a>\n\t\t\t<\/div><\/figure><figure class='gallery-item'>\n\t\t\t<div class='gallery-icon landscape'>\n\t\t\t\t<a href='http:\/\/www.fischereiverein-wiesenfelden.de\/?attachment_id=251'><img loading=\"lazy\" decoding=\"async\" width=\"150\" height=\"150\" src=\"http:\/\/www.fischereiverein-wiesenfelden.de\/wp-content\/uploads\/2011\/06\/P1020037-150x150.jpg\" class=\"attachment-thumbnail size-thumbnail\" alt=\"\" \/><\/a>\n\t\t\t<\/div><\/figure>\n\t\t<\/div>\n\n","protected":false},"excerpt":{"rendered":"<p>Diese zwei Gew\u00e4sser in H\u00f6henberg wurden 2006 vom Fischereiverein erworben und saniert. Sie bieten\u00a0 dem Verein die optimalen M\u00f6glichkeit zur Nachzucht von<\/p>\n<p class=\"link-more\"><a class=\"myButt \" href=\"http:\/\/www.fischereiverein-wiesenfelden.de\/?page_id=44\">Zum Beitrag<\/a><\/p>\n","protected":false},"author":2,"featured_media":0,"parent":16,"menu_order":0,"comment_status":"closed","ping_status":"closed","template":"","meta":{"footnotes":""},"class_list":["post-44","page","type-page","status-publish","hentry"],"_links":{"self":[{"href":"http:\/\/www.fischereiverein-wiesenfelden.de\/index.php?rest_route=\/wp\/v2\/pages\/44","targetHints":{"allow":["GET"]}}],"collection":[{"href":"http:\/\/www.fischereiverein-wiesenfelden.de\/index.php?rest_route=\/wp\/v2\/pages"}],"about":[{"href":"http:\/\/www.fischereiverein-wiesenfelden.de\/index.php?rest_route=\/wp\/v2\/types\/page"}],"author":[{"embeddable":true,"href":"http:\/\/www.fischereiverein-wiesenfelden.de\/index.php?rest_route=\/wp\/v2\/users\/2"}],"replies":[{"embeddable":true,"href":"http:\/\/www.fischereiverein-wiesenfelden.de\/index.php?rest_route=%2Fwp%2Fv2%2Fcomments&post=44"}],"version-history":[{"count":9,"href":"http:\/\/www.fischereiverein-wiesenfelden.de\/index.php?rest_route=\/wp\/v2\/pages\/44\/revisions"}],"predecessor-version":[{"id":2484,"href":"http:\/\/www.fischereiverein-wiesenfelden.de\/index.php?rest_route=\/wp\/v2\/pages\/44\/revisions\/2484"}],"up":[{"embeddable":true,"href":"http:\/\/www.fischereiverein-wiesenfelden.de\/index.php?rest_route=\/wp\/v2\/pages\/16"}],"wp:attachment":[{"href":"http:\/\/www.fischereiverein-wiesenfelden.de\/index.php?rest_route=%2Fwp%2Fv2%2Fmedia&parent=44"}],"curies":[{"name":"wp","href":"https:\/\/api.w.org\/{rel}","templated":true}]}}