{"id":38,"date":"2011-06-23T14:05:18","date_gmt":"2011-06-23T14:05:18","guid":{"rendered":"http:\/\/www.fischereiverein-wiesenfelden.de\/\/wordpress\/?page_id=38"},"modified":"2025-06-02T15:30:34","modified_gmt":"2025-06-02T15:30:34","slug":"vorstandschaft","status":"publish","type":"page","link":"http:\/\/www.fischereiverein-wiesenfelden.de\/?page_id=38","title":{"rendered":"Vorstandschaft"},"content":{"rendered":"<div class=\"wp-block-image\">\n<figure class=\"aligncenter\"><img loading=\"lazy\" decoding=\"async\" width=\"1024\" height=\"683\" src=\"http:\/\/www.fischereiverein-wiesenfelden.de\/wp-content\/uploads\/2021\/09\/IMG_0609-1-1024x683.jpg\" alt=\"\" class=\"wp-image-2066\" srcset=\"http:\/\/www.fischereiverein-wiesenfelden.de\/wp-content\/uploads\/2021\/09\/IMG_0609-1-1024x683.jpg 1024w, http:\/\/www.fischereiverein-wiesenfelden.de\/wp-content\/uploads\/2021\/09\/IMG_0609-1-300x200.jpg 300w, http:\/\/www.fischereiverein-wiesenfelden.de\/wp-content\/uploads\/2021\/09\/IMG_0609-1-768x512.jpg 768w\" sizes=\"auto, (max-width: 1024px) 100vw, 1024px\" \/><\/figure>\n<\/div>\n\n<h2><span style=\"color: #000000;\"><strong><u>1.Vorstand<\/u><\/strong><\/span><\/h2>\n<h2><strong><u><img loading=\"lazy\" decoding=\"async\" class=\"alignright size-medium wp-image-2078\" src=\"http:\/\/www.fischereiverein-wiesenfelden.de\/wp-content\/uploads\/2021\/09\/IMG_0626-1-300x200.jpg\" alt=\"\" width=\"300\" height=\"200\" srcset=\"http:\/\/www.fischereiverein-wiesenfelden.de\/wp-content\/uploads\/2021\/09\/IMG_0626-1-300x200.jpg 300w, http:\/\/www.fischereiverein-wiesenfelden.de\/wp-content\/uploads\/2021\/09\/IMG_0626-1-768x512.jpg 768w, http:\/\/www.fischereiverein-wiesenfelden.de\/wp-content\/uploads\/2021\/09\/IMG_0626-1-1024x683.jpg 1024w\" sizes=\"auto, (max-width: 300px) 100vw, 300px\" \/><\/u><\/strong><\/h2>\n<p><strong>Matthias Omasmeier<\/strong><\/p>\n<p>Matthias ist Feinwerkmechaniker. In seiner Freizeit geht er gerne zum Fischen und zum Brennholz machen. Sein gr\u00f6\u00dfter Fang war ein Zander mit 1,01m und 20 Pfund. F\u00fcr seine Zukunft w\u00fcnscht er sich vor allem Zufriedenheit<\/p>\n<h2><strong><u><span style=\"color: #000000;\">2.Vorstand<\/span><img loading=\"lazy\" decoding=\"async\" class=\"alignright size-medium wp-image-2080\" src=\"http:\/\/www.fischereiverein-wiesenfelden.de\/wp-content\/uploads\/2021\/09\/IMG_0627-1-300x200.jpg\" alt=\"\" width=\"300\" height=\"200\" srcset=\"http:\/\/www.fischereiverein-wiesenfelden.de\/wp-content\/uploads\/2021\/09\/IMG_0627-1-300x200.jpg 300w, http:\/\/www.fischereiverein-wiesenfelden.de\/wp-content\/uploads\/2021\/09\/IMG_0627-1-768x512.jpg 768w, http:\/\/www.fischereiverein-wiesenfelden.de\/wp-content\/uploads\/2021\/09\/IMG_0627-1-1024x683.jpg 1024w\" sizes=\"auto, (max-width: 300px) 100vw, 300px\" \/><\/u><\/strong><\/h2>\n<p><strong>Maximilian Hofbauer <\/strong><\/p>\n<p>Maximilian ist als Heizungsbaumeister t\u00e4tig. Neben dem Fischen geht er leidenschaftlich zum Sch\u00fctzenverein zum Schie\u00dfen. Sein gr\u00f6\u00dfter gefangener Fisch war ein Waller mit 130 cm war. F\u00fcr die Zukunft w\u00fcnscht er sich noch mehr und gr\u00f6\u00dfere Fische zu fangen.<\/p>\n<h2><strong><u><span style=\"color: #000000;\">3.Vorstand<\/span><img loading=\"lazy\" decoding=\"async\" class=\"alignright size-medium wp-image-2069\" src=\"http:\/\/www.fischereiverein-wiesenfelden.de\/wp-content\/uploads\/2021\/09\/IMG_0614-1-300x200.jpg\" alt=\"\" width=\"300\" height=\"200\" srcset=\"http:\/\/www.fischereiverein-wiesenfelden.de\/wp-content\/uploads\/2021\/09\/IMG_0614-1-300x200.jpg 300w, http:\/\/www.fischereiverein-wiesenfelden.de\/wp-content\/uploads\/2021\/09\/IMG_0614-1-768x512.jpg 768w, http:\/\/www.fischereiverein-wiesenfelden.de\/wp-content\/uploads\/2021\/09\/IMG_0614-1-1024x683.jpg 1024w\" sizes=\"auto, (max-width: 300px) 100vw, 300px\" \/><\/u><\/strong><\/h2>\n<p><strong>Winfried Born <\/strong><\/p>\n<p>Winfried ist Rentner und geht in seiner freien Zeit seinem Hobby dem Angeln nach. Sein bisher gr\u00f6\u00dfter gefangener Fisch war ein Waller mit 2,18 m und 85 kg. F\u00fcr die Zukunft w\u00fcnscht er sich Gesundheit, Kameradschaft und ein aktives Vereinsleben.<\/p>\n<p><strong>\u00a0<\/strong><\/p>\n<h2><strong><u><span style=\"color: #000000;\">1.Kassier<\/span><img loading=\"lazy\" decoding=\"async\" class=\"alignright size-medium wp-image-2077\" src=\"http:\/\/www.fischereiverein-wiesenfelden.de\/wp-content\/uploads\/2021\/09\/IMG_0625-1-300x200.jpg\" alt=\"\" width=\"300\" height=\"200\" srcset=\"http:\/\/www.fischereiverein-wiesenfelden.de\/wp-content\/uploads\/2021\/09\/IMG_0625-1-300x200.jpg 300w, http:\/\/www.fischereiverein-wiesenfelden.de\/wp-content\/uploads\/2021\/09\/IMG_0625-1-768x512.jpg 768w, http:\/\/www.fischereiverein-wiesenfelden.de\/wp-content\/uploads\/2021\/09\/IMG_0625-1-1024x683.jpg 1024w\" sizes=\"auto, (max-width: 300px) 100vw, 300px\" \/><\/u><\/strong><\/h2>\n<p><strong>Nadine Raith <\/strong><\/p>\n<p>Nadine arbeitet als Kauffrau f\u00fcr B\u00fcromanagement. In Ihrer Freizeit trifft sie sich gerne mit Freunden und spiel Fu\u00dfball.<br \/>F\u00fcr ihre Zukunft w\u00fcnscht sie sich Gl\u00fcck und Gesundheit.<\/p>\n<h2><strong><u><span style=\"color: #000000;\">2.Kassier<\/span><img loading=\"lazy\" decoding=\"async\" class=\"alignright size-medium wp-image-2075\" src=\"http:\/\/www.fischereiverein-wiesenfelden.de\/wp-content\/uploads\/2021\/09\/IMG_0622-1-300x200.jpg\" alt=\"\" width=\"300\" height=\"200\" srcset=\"http:\/\/www.fischereiverein-wiesenfelden.de\/wp-content\/uploads\/2021\/09\/IMG_0622-1-300x200.jpg 300w, http:\/\/www.fischereiverein-wiesenfelden.de\/wp-content\/uploads\/2021\/09\/IMG_0622-1-768x512.jpg 768w, http:\/\/www.fischereiverein-wiesenfelden.de\/wp-content\/uploads\/2021\/09\/IMG_0622-1-1024x683.jpg 1024w\" sizes=\"auto, (max-width: 300px) 100vw, 300px\" \/><\/u><\/strong><\/h2>\n<p><strong>Aileen Omasmeier <\/strong><\/p>\n<p>Aileen arbeitet als Kauffrau im Einzelhandel. Ihre Hobbys sind Sport und Tanzen. F\u00fcr ihre Zukunft w\u00fcnscht sie sich gesund zu bleiben und im Amt als 2. Kassiererin immer eine positive Bilanz vorlegen zu k\u00f6nnen.<\/p>\n<h2><span style=\"color: #000000;\"><strong><u>1.Schriftf\u00fchrer<\/u><\/strong><\/span><\/h2>\n<p><strong>Julius H\u00f6chbauer<img loading=\"lazy\" decoding=\"async\" class=\"alignright size-medium wp-image-2072\" src=\"http:\/\/www.fischereiverein-wiesenfelden.de\/wp-content\/uploads\/2021\/09\/IMG_0618-1-300x200.jpg\" alt=\"\" width=\"300\" height=\"200\" srcset=\"http:\/\/www.fischereiverein-wiesenfelden.de\/wp-content\/uploads\/2021\/09\/IMG_0618-1-300x200.jpg 300w, http:\/\/www.fischereiverein-wiesenfelden.de\/wp-content\/uploads\/2021\/09\/IMG_0618-1-768x512.jpg 768w, http:\/\/www.fischereiverein-wiesenfelden.de\/wp-content\/uploads\/2021\/09\/IMG_0618-1-1024x683.jpg 1024w\" sizes=\"auto, (max-width: 300px) 100vw, 300px\" \/><\/strong><\/p>\n<p>Julius ist Projektleiter in einem Garten und Landschaftsbaubetrieb. Er geht gern zum Wandern, Fischen und auf die Jagd. Sein Fangbuch kann einen Grasfisch mit 26 Pfund als sein \u201ePersonal Best\u201c vorweisen. F\u00fcr die Zukunft w\u00fcnscht er sich Gesundheit und noch viele Fische zu fangen.<\/p>\n<h2><strong><u>2.Schriftf\u00fchrer<img loading=\"lazy\" decoding=\"async\" class=\"alignright size-medium wp-image-2073\" src=\"http:\/\/www.fischereiverein-wiesenfelden.de\/wp-content\/uploads\/2021\/09\/IMG_0619-1-300x200.jpg\" alt=\"\" width=\"300\" height=\"200\" srcset=\"http:\/\/www.fischereiverein-wiesenfelden.de\/wp-content\/uploads\/2021\/09\/IMG_0619-1-300x200.jpg 300w, http:\/\/www.fischereiverein-wiesenfelden.de\/wp-content\/uploads\/2021\/09\/IMG_0619-1-768x512.jpg 768w, http:\/\/www.fischereiverein-wiesenfelden.de\/wp-content\/uploads\/2021\/09\/IMG_0619-1-1024x683.jpg 1024w\" sizes=\"auto, (max-width: 300px) 100vw, 300px\" \/><\/u><\/strong><\/h2>\n<p><strong>Timo Baumgartner<\/strong><\/p>\n<p>Timo ist Azubi zum Anlagenmechaniker.<br \/>Seine Hobbys sind fischen und Rad fahren.<br \/>Sein gr\u00f6\u00dfter Fang war ein Karpfen mit 16 Pfund. F\u00fcr die Zukunft w\u00fcnscht er sich einen Waller zu fangen.<\/p>\n<h2><strong><u>1.Jugendwart<img loading=\"lazy\" decoding=\"async\" class=\"alignright size-medium wp-image-2076\" src=\"http:\/\/www.fischereiverein-wiesenfelden.de\/wp-content\/uploads\/2021\/09\/IMG_0624-1-300x200.jpg\" alt=\"\" width=\"300\" height=\"200\" srcset=\"http:\/\/www.fischereiverein-wiesenfelden.de\/wp-content\/uploads\/2021\/09\/IMG_0624-1-300x200.jpg 300w, http:\/\/www.fischereiverein-wiesenfelden.de\/wp-content\/uploads\/2021\/09\/IMG_0624-1-768x512.jpg 768w, http:\/\/www.fischereiverein-wiesenfelden.de\/wp-content\/uploads\/2021\/09\/IMG_0624-1-1024x683.jpg 1024w\" sizes=\"auto, (max-width: 300px) 100vw, 300px\" \/><\/u><\/strong><\/h2>\n<p><strong>Markus Gro\u00df <\/strong><\/p>\n<p>Markus arbeitet als Schreiner. Seine Hobbys sind das Angeln und der Sch\u00fctzenverein. Den gr\u00f6\u00dften Fisch, den er gefangen hat, war ein Hecht mit 1,15 m und 19,5 Pfund.<\/p>\n<h2><strong><u>2.Jugendwart<\/u><\/strong><\/h2>\n<p><strong>Gerhard Bronold<img loading=\"lazy\" decoding=\"async\" class=\"alignright size-medium wp-image-2084\" src=\"http:\/\/www.fischereiverein-wiesenfelden.de\/wp-content\/uploads\/2021\/09\/Gerhard-300x200.jpg\" alt=\"\" width=\"300\" height=\"200\" srcset=\"http:\/\/www.fischereiverein-wiesenfelden.de\/wp-content\/uploads\/2021\/09\/Gerhard-300x200.jpg 300w, http:\/\/www.fischereiverein-wiesenfelden.de\/wp-content\/uploads\/2021\/09\/Gerhard.jpg 673w\" sizes=\"auto, (max-width: 300px) 100vw, 300px\" \/> <\/strong><\/p>\n<p>Gerhard arbeitet als Industriemechaniker. In seiner Freizeit fotografiert er gerne, f\u00e4hrt Quad und schaut Eishockey. Fischen tut er seit seinem 10. Lebensjahr. Sein gr\u00f6\u00dfter Fisch war ein Karpfen mit 9,5 kg. F\u00fcr die Zukunft w\u00fcnscht er sich seinen \u201ePersonal Best\u201c noch zu verbessern und noch viele sch\u00f6ne Tage am Wasser zu verbringen.<\/p>\n<h2><strong><u>3.Jugendwart<img loading=\"lazy\" decoding=\"async\" class=\"alignright size-medium wp-image-2074\" src=\"http:\/\/www.fischereiverein-wiesenfelden.de\/wp-content\/uploads\/2021\/09\/IMG_0620-1-300x200.jpg\" alt=\"\" width=\"300\" height=\"200\" srcset=\"http:\/\/www.fischereiverein-wiesenfelden.de\/wp-content\/uploads\/2021\/09\/IMG_0620-1-300x200.jpg 300w, http:\/\/www.fischereiverein-wiesenfelden.de\/wp-content\/uploads\/2021\/09\/IMG_0620-1-768x512.jpg 768w, http:\/\/www.fischereiverein-wiesenfelden.de\/wp-content\/uploads\/2021\/09\/IMG_0620-1-1024x683.jpg 1024w\" sizes=\"auto, (max-width: 300px) 100vw, 300px\" \/><\/u><\/strong><\/h2>\n<p><strong>Jakob Gro\u00df<\/strong><\/p>\n<p>Jakob ist beruflich als Anlagenmechaniker t\u00e4tig. Seine Hobbys sind fischen und den eigenen Weiher pflegen und hegen.<br \/>Sein PB war ein Karpfen mit 19 Pfund.<br \/>F\u00fcr seine Zukunft w\u00fcnsch er sich Gl\u00fcck, Gesundheit und Kameradschaft im Verein.<\/p>\n<h2><strong><u>Zeltmeister<\/u><\/strong><\/h2>\n<p>&nbsp;<\/p>\n<h2><strong><u>1.Gew\u00e4sserwart<img loading=\"lazy\" decoding=\"async\" class=\"alignright size-medium wp-image-2082\" src=\"http:\/\/www.fischereiverein-wiesenfelden.de\/wp-content\/uploads\/2021\/09\/Christian-300x225.jpg\" alt=\"\" width=\"300\" height=\"225\" \/><\/u><\/strong><\/h2>\n<p><strong>Christian Reichinger<\/strong><\/p>\n<p>Christian ist als Maschinenf\u00fchrer t\u00e4tig. Seine Hobbys sind Schie\u00dfen, Angeln und Weiher ausbaggern. Der gr\u00f6\u00dfte Fisch, den er gefangen hat, war ein Wels mit 105 kg und einer L\u00e4nge von 2,21 m.<\/p>\n<p><strong>\u00a0<\/strong><\/p>\n<h2><strong><u>2.Gew\u00e4sserwart<img loading=\"lazy\" decoding=\"async\" class=\"alignright size-medium wp-image-2087\" src=\"http:\/\/www.fischereiverein-wiesenfelden.de\/wp-content\/uploads\/2021\/09\/Franz-M.-300x200.jpg\" alt=\"\" width=\"300\" height=\"200\" srcset=\"http:\/\/www.fischereiverein-wiesenfelden.de\/wp-content\/uploads\/2021\/09\/Franz-M.-300x200.jpg 300w, http:\/\/www.fischereiverein-wiesenfelden.de\/wp-content\/uploads\/2021\/09\/Franz-M..jpg 679w\" sizes=\"auto, (max-width: 300px) 100vw, 300px\" \/><\/u><\/strong><\/h2>\n<p><strong>Franz Meinzinger <\/strong><\/p>\n<p>In seiner Freizeit besch\u00e4ftigt er sich der Rentner mit Karten spielen und dem Fischen, deshalb ist er auch seit 1.5.1978 Mitglied im Verein. Sein gr\u00f6\u00dfter Fang war ein Karpfen mit 15 Pfund und er w\u00fcnscht sich f\u00fcr die Zukunft kein Fischsterben.<\/p>\n<h2><strong><u>H\u00fcttenwart<img loading=\"lazy\" decoding=\"async\" class=\"alignright size-medium wp-image-2088\" src=\"http:\/\/www.fischereiverein-wiesenfelden.de\/wp-content\/uploads\/2021\/09\/Andi-300x200.jpg\" alt=\"\" width=\"300\" height=\"200\" srcset=\"http:\/\/www.fischereiverein-wiesenfelden.de\/wp-content\/uploads\/2021\/09\/Andi-300x200.jpg 300w, http:\/\/www.fischereiverein-wiesenfelden.de\/wp-content\/uploads\/2021\/09\/Andi.jpg 670w\" sizes=\"auto, (max-width: 300px) 100vw, 300px\" \/><\/u><\/strong><\/h2>\n<p><strong>Andreas Hecht <\/strong><\/p>\n<p>Andreas arbeitet als Industriemechaniker bei BMW. Er besch\u00e4ftigt sich seit 2005 am liebsten mit dem Angeln. Sein gr\u00f6\u00dfter Fang war bisher ein Aal mit 101cm. F\u00fcr die Zukunft w\u00fcnscht er sich viel Gesundheit.<\/p>\n<h2><strong><u>Ger\u00e4tewart<\/u><\/strong><\/h2>\n<p><strong>Harald Steubl<img loading=\"lazy\" decoding=\"async\" class=\"alignright size-medium wp-image-2070\" src=\"http:\/\/www.fischereiverein-wiesenfelden.de\/wp-content\/uploads\/2021\/09\/IMG_0616-1-300x200.jpg\" alt=\"\" width=\"300\" height=\"200\" srcset=\"http:\/\/www.fischereiverein-wiesenfelden.de\/wp-content\/uploads\/2021\/09\/IMG_0616-1-300x200.jpg 300w, http:\/\/www.fischereiverein-wiesenfelden.de\/wp-content\/uploads\/2021\/09\/IMG_0616-1-768x512.jpg 768w, http:\/\/www.fischereiverein-wiesenfelden.de\/wp-content\/uploads\/2021\/09\/IMG_0616-1-1024x683.jpg 1024w\" sizes=\"auto, (max-width: 300px) 100vw, 300px\" \/> <\/strong><\/p>\n<p>Harald arbeitet als Konstruktionsmechaniker. Er besch\u00e4ftigt sich am liebsten mit Fischen und Motorrad fahren. Den gr\u00f6\u00dften Fisch, den er seit 3.3.93 gefangen hat, war ein Zander mit 89 cm. Sein Traum f\u00fcr die Zukunft ist, den allergr\u00f6\u00dften Fisch aus dem Stausee zu fangen.<\/p>\n<p>&nbsp;<\/p>\n<h1>\u00a0<\/h1>\n<h1 style=\"text-align: center;\"><span style=\"color: #339966;\"><strong><u>Ausschussmitglieder<\/u><\/strong><\/span><\/h1>\n<p><strong>Herbert Meinzinger<img loading=\"lazy\" decoding=\"async\" class=\"alignright size-medium wp-image-2081\" src=\"http:\/\/www.fischereiverein-wiesenfelden.de\/wp-content\/uploads\/2021\/09\/IMG_0628-1-300x200.jpg\" alt=\"\" width=\"300\" height=\"200\" srcset=\"http:\/\/www.fischereiverein-wiesenfelden.de\/wp-content\/uploads\/2021\/09\/IMG_0628-1-300x200.jpg 300w, http:\/\/www.fischereiverein-wiesenfelden.de\/wp-content\/uploads\/2021\/09\/IMG_0628-1-768x512.jpg 768w, http:\/\/www.fischereiverein-wiesenfelden.de\/wp-content\/uploads\/2021\/09\/IMG_0628-1-1024x683.jpg 1024w\" sizes=\"auto, (max-width: 300px) 100vw, 300px\" \/><\/strong><\/p>\n<p>Herbert arbeitet als Maurerpolier. In seiner Freizeit besch\u00e4ftigt er sich mit Angeln und mit dem Fu\u00dfball (von der Trib\u00fcne aus). Im Verein ist er seit 2003 und seitdem hat der einen Zander mit 63 cm an Land gezogen. F\u00fcr die Zukunft w\u00fcnscht er sich das Wichtigste, n\u00e4mlich Gesundheit und alles andere ergibt sich von selbst.<\/p>\n<p>&nbsp;<\/p>\n<p>&nbsp;<\/p>\n<p>&nbsp;<\/p>\n<p>&nbsp;<\/p>\n<p><strong>Rudolf Sch\u00fctz<\/strong><\/p>\n<p><strong style=\"font-size: 15.4px;\"><img loading=\"lazy\" decoding=\"async\" class=\"size-medium wp-image-2086 alignright\" src=\"http:\/\/www.fischereiverein-wiesenfelden.de\/wp-content\/uploads\/2021\/09\/Rudi-300x225.jpg\" alt=\"\" width=\"300\" height=\"225\" srcset=\"http:\/\/www.fischereiverein-wiesenfelden.de\/wp-content\/uploads\/2021\/09\/Rudi-300x225.jpg 300w, http:\/\/www.fischereiverein-wiesenfelden.de\/wp-content\/uploads\/2021\/09\/Rudi.jpg 640w\" sizes=\"auto, (max-width: 300px) 100vw, 300px\" \/><\/strong><\/p>\n<p>Rudolf ist Rentner. Er ist seit 2007 im Fischereiverein Wiesenfelden. Er verbringt viel Freizeit am Stausee und lauert auf einen gro\u00dfen Waller. F\u00fcr die Zukunft w\u00fcnscht er sich viel Gesundheit.<\/p>\n<p>&nbsp;<\/p>\n<p>&nbsp;<\/p>\n<p>&nbsp;<\/p>\n<p>&nbsp;<\/p>\n<p>&nbsp;<\/p>\n<p>&nbsp;<\/p>\n<p><strong>Ludwig Zimmerer<\/strong><\/p>\n<p><strong style=\"font-size: 15.4px;\"><img loading=\"lazy\" decoding=\"async\" class=\"alignright size-medium wp-image-2071\" src=\"http:\/\/www.fischereiverein-wiesenfelden.de\/wp-content\/uploads\/2021\/09\/IMG_0617-1-300x200.jpg\" alt=\"\" width=\"300\" height=\"200\" srcset=\"http:\/\/www.fischereiverein-wiesenfelden.de\/wp-content\/uploads\/2021\/09\/IMG_0617-1-300x200.jpg 300w, http:\/\/www.fischereiverein-wiesenfelden.de\/wp-content\/uploads\/2021\/09\/IMG_0617-1-768x512.jpg 768w, http:\/\/www.fischereiverein-wiesenfelden.de\/wp-content\/uploads\/2021\/09\/IMG_0617-1-1024x683.jpg 1024w\" sizes=\"auto, (max-width: 300px) 100vw, 300px\" \/><\/strong><\/p>\n<p>Ludwig arbeitet als Stra\u00dfenbauer. Er ist leidenschaftlicher Radfahrer und Naturliebhaber. Sein gr\u00f6\u00dfter Fisch war ein Waller mit 2,16 m und 58 kg. F\u00fcr die Zukunft w\u00fcnscht er sich, dass alles so bleibt wie es ist.<\/p>\n<p>&nbsp;<\/p>\n<p>&nbsp;<\/p>\n<p>&nbsp;<\/p>\n<p>&nbsp;<\/p>\n<p>&nbsp;<\/p>\n<p><strong><img loading=\"lazy\" decoding=\"async\" class=\"alignright size-medium wp-image-2083\" src=\"http:\/\/www.fischereiverein-wiesenfelden.de\/wp-content\/uploads\/2021\/09\/Franz-300x200.jpg\" alt=\"\" width=\"300\" height=\"200\" srcset=\"http:\/\/www.fischereiverein-wiesenfelden.de\/wp-content\/uploads\/2021\/09\/Franz-300x200.jpg 300w, http:\/\/www.fischereiverein-wiesenfelden.de\/wp-content\/uploads\/2021\/09\/Franz-768x512.jpg 768w, http:\/\/www.fischereiverein-wiesenfelden.de\/wp-content\/uploads\/2021\/09\/Franz.jpg 769w\" sizes=\"auto, (max-width: 300px) 100vw, 300px\" \/><\/strong><\/p>\n<p><strong>Franz Forster<\/strong><\/p>\n<p>Der gr\u00f6\u00dfte Fisch den der Konditormeister aus Wiesenfelden gefangen hat war ein Grasfisch mit 16 Pfund. Neben dem Fischen geht Franz Leidenschaftlich gerne auf die Jagd. F\u00fcr die Zukunft w\u00fcnscht er sich viel Gesundheit.<\/p>\n<p>&nbsp;<\/p>\n<p>&nbsp;<\/p>\n<p>&nbsp;<\/p>\n<p>&nbsp;<\/p>\n<p><strong><br \/>Rene H\u00f6cherl<img loading=\"lazy\" decoding=\"async\" class=\"alignright size-medium wp-image-2067\" src=\"http:\/\/www.fischereiverein-wiesenfelden.de\/wp-content\/uploads\/2021\/09\/IMG_0611-1-300x200.jpg\" alt=\"\" width=\"300\" height=\"200\" srcset=\"http:\/\/www.fischereiverein-wiesenfelden.de\/wp-content\/uploads\/2021\/09\/IMG_0611-1-300x200.jpg 300w, http:\/\/www.fischereiverein-wiesenfelden.de\/wp-content\/uploads\/2021\/09\/IMG_0611-1-768x512.jpg 768w, http:\/\/www.fischereiverein-wiesenfelden.de\/wp-content\/uploads\/2021\/09\/IMG_0611-1-1024x683.jpg 1024w\" sizes=\"auto, (max-width: 300px) 100vw, 300px\" \/><\/strong><\/p>\n<p>Rene arbeitet als Anlagenmechaniker\u00a0 im Sanit\u00e4r, Heizung und Klima. In seine Freizeit geht er zum Fischen, Sch\u00fctzenverein und zur Feuerwehr. Sein gr\u00f6\u00dfter Fisch war ein Karpfen mit 12 Kg. Er w\u00fcnscht sich noch viele gro\u00dfe Fische zu fangen und gesund zu bleiben.<\/p>\n<p><strong>Florian Hagn<\/strong><\/p>\n<p>Foto und Interview folgt<\/p>\n<h2><strong><u>Kassenpr\u00fcfer<\/u><\/strong><\/h2>\n<p><strong>Tobias Amberger<\/strong><\/p>\n<p><strong>Kevin Semmelmann<\/strong><\/p>\n\n\n<br>\n","protected":false},"excerpt":{"rendered":"<p>1.Vorstand Matthias Omasmeier Matthias ist Feinwerkmechaniker. In seiner Freizeit geht er gerne zum Fischen und zum Brennholz machen. Sein gr\u00f6\u00dfter Fang war<\/p>\n<p class=\"link-more\"><a class=\"myButt \" href=\"http:\/\/www.fischereiverein-wiesenfelden.de\/?page_id=38\">Zum Beitrag<\/a><\/p>\n","protected":false},"author":3,"featured_media":0,"parent":0,"menu_order":0,"comment_status":"closed","ping_status":"closed","template":"","meta":{"footnotes":""},"class_list":["post-38","page","type-page","status-publish","hentry"],"_links":{"self":[{"href":"http:\/\/www.fischereiverein-wiesenfelden.de\/index.php?rest_route=\/wp\/v2\/pages\/38","targetHints":{"allow":["GET"]}}],"collection":[{"href":"http:\/\/www.fischereiverein-wiesenfelden.de\/index.php?rest_route=\/wp\/v2\/pages"}],"about":[{"href":"http:\/\/www.fischereiverein-wiesenfelden.de\/index.php?rest_route=\/wp\/v2\/types\/page"}],"author":[{"embeddable":true,"href":"http:\/\/www.fischereiverein-wiesenfelden.de\/index.php?rest_route=\/wp\/v2\/users\/3"}],"replies":[{"embeddable":true,"href":"http:\/\/www.fischereiverein-wiesenfelden.de\/index.php?rest_route=%2Fwp%2Fv2%2Fcomments&post=38"}],"version-history":[{"count":73,"href":"http:\/\/www.fischereiverein-wiesenfelden.de\/index.php?rest_route=\/wp\/v2\/pages\/38\/revisions"}],"predecessor-version":[{"id":2505,"href":"http:\/\/www.fischereiverein-wiesenfelden.de\/index.php?rest_route=\/wp\/v2\/pages\/38\/revisions\/2505"}],"wp:attachment":[{"href":"http:\/\/www.fischereiverein-wiesenfelden.de\/index.php?rest_route=%2Fwp%2Fv2%2Fmedia&parent=38"}],"curies":[{"name":"wp","href":"https:\/\/api.w.org\/{rel}","templated":true}]}}