{"id":24,"date":"2011-06-23T13:55:20","date_gmt":"2011-06-23T13:55:20","guid":{"rendered":"http:\/\/www.fischereiverein-wiesenfelden.de\/\/wordpress\/?page_id=24"},"modified":"2022-11-16T21:39:12","modified_gmt":"2022-11-16T21:39:12","slug":"impressum","status":"publish","type":"page","link":"http:\/\/www.fischereiverein-wiesenfelden.de\/?page_id=24","title":{"rendered":"Impressum"},"content":{"rendered":"<h2>Kontakt<\/h2>\n<h2><span style=\"text-decoration: underline;\"><strong>Fischereiverein Wiesenfelden e.V.<\/strong><\/span><\/h2>\n<p><span style=\"display: inline !important; float: none; background-color: transparent; color: #444444; cursor: text; font-family: Georgia,'Bitstream Charter',serif; font-size: 12px; font-style: normal; font-variant: normal; font-weight: 400; letter-spacing: normal; line-height: 18px; orphans: 2; text-align: left; text-decoration: none; text-indent: 0px; text-transform: none; -webkit-text-stroke-width: 0px; white-space: normal; word-spacing: 0px;\">1. Vorsitzender<br \/>\nMatthias Omasmeier<br \/>\n<\/span><span style=\"display: inline !important; float: none; background-color: transparent; color: #444444; cursor: text; font-family: Georgia,'Bitstream Charter',serif; font-size: 12px; font-style: normal; font-variant: normal; font-weight: 400; letter-spacing: normal; line-height: 18px; orphans: 2; text-align: left; text-decoration: none; text-indent: 0px; text-transform: none; -webkit-text-stroke-width: 0px; white-space: normal; word-spacing: 0px;\">Frath 8<br \/>\n<\/span><span style=\"display: inline !important; float: none; background-color: transparent; color: #444444; cursor: text; font-family: Georgia,'Bitstream Charter',serif; font-size: 12px; font-style: normal; font-variant: normal; font-weight: 400; letter-spacing: normal; line-height: 18px; orphans: 2; text-align: left; text-decoration: none; text-indent: 0px; text-transform: none; -webkit-text-stroke-width: 0px; white-space: normal; word-spacing: 0px;\">94344 Wiesenfelden<br \/>\n09966\/9028711<br \/>\n<\/span><\/p>\n<p>Mail: info@fischereiverein-wiesenfelden.de<\/p>\n<h2>Haftungsausschluss<\/h2>\n<p>Verantworlich f\u00fcr den Inhalt dieser Webseite ist: Fischereiverein Wiesenfelden e.V.<\/p>\n<p>Haftungsbeschr\u00e4nkung: Mit Urteil vom 12. Mai 1998 &#8211; 312 O 85\/98 &#8211; &#8222;Haftung f\u00fcr Links&#8220; hat das Landgericht (LG) Hamburg entschieden, dass man durch das Setzen eines Links, die Inhalte der gelinkten Seite ggf. mit zu verantworten hat. Dies kann &#8211; so das LG &#8211; nur dadurch verhindert werden, dass man sich ausdr\u00fccklich von diesen Inhalten distanziert.<\/p>\n<p>Hiermit distanzieren wir uns ausdr\u00fccklich von allen Inhalten aller gelinkten Seiten auf unserer Homepage und machen uns diese Inhalte nicht zu eigen. Diese Erkl\u00e4rung gilt f\u00fcr alle auf dieser Website angebrachten Links.Diese Internetseiten sind urheberrechtlich gesch\u00fctzt. Die Verwendung der Internetseiten oder der darin enthaltenen Informationen und Daten, inbesondere auch Texte, Bilder und Videos f\u00fcr kommerzielle oder nicht private Zwecke ist ausdr\u00fccklich untersagt.<\/p>\n<p>Der Fischereiverein Wiesenfelden e.V. \u00fcbernimmt keine Garantie daf\u00fcr, dass die auf dieser Web Site bereitgestellten Informationen vollst\u00e4ndig, richtig und in jedem Fall aktuell sind. Dies gilt auch f\u00fcr alle Verbindungen (&#8222;Links&#8220;), die von dieser Web Site direkt oder indirekt verweisen. Der Fischereiverein Wiesenfelden e.V. ist f\u00fcr den Inhalt einer Seite, die mit einem solchen Link erreicht wird, nicht verantwortlich. Der Fischereiverein Wiesenfelden e.V. beh\u00e4lt sich das Recht vor, ohne vorherige Ank\u00fcndigung, \u00c4nderungen oder Erg\u00e4nzungen der bereitgestellten Informationen vorzunehmen.<\/p>\n<p>Der Fischereiverein Wiesenfelden e.V. begr\u00fcndet durch die Bereitstellung dieser Informationen kein Vertragsangebot \u00fcber Ausk\u00fcnfte, Beratung oder \u00e4hnliche Vertragsbeziehungen. Jegliche Haftung f\u00fcr die Nutzung der Inhalte der Web Site oder die Richtigkeit der Inhalte oder die Erreichbarkeit der Web Site wird ausgeschlossen.<\/p>\n<p>Der Fischereiverein Wiesenfelden e.V. haftet daher nicht f\u00fcr konkrete, mittelbare und unmittelbare Sch\u00e4den oder Sch\u00e4den, die durch fehlende Nutzungsm\u00f6glichkeiten, Datenverluste oder entgangene Gewinne entstehen k\u00f6nnen, die im Zusammenhang mit der Nutzung von Dokumenten oder Informationen entstehen, die auf dieser Web Site zug\u00e4nglich sind.<\/p>\n","protected":false},"excerpt":{"rendered":"<p>Kontakt Fischereiverein Wiesenfelden e.V. 1. Vorsitzender Matthias Omasmeier Frath 8 94344 Wiesenfelden 09966\/9028711 Mail: info@fischereiverein-wiesenfelden.de Haftungsausschluss Verantworlich f\u00fcr den Inhalt dieser Webseite<\/p>\n<p class=\"link-more\"><a class=\"myButt \" href=\"http:\/\/www.fischereiverein-wiesenfelden.de\/?page_id=24\">Zum Beitrag<\/a><\/p>\n","protected":false},"author":2,"featured_media":0,"parent":0,"menu_order":0,"comment_status":"closed","ping_status":"closed","template":"","meta":{"footnotes":""},"class_list":["post-24","page","type-page","status-publish","hentry"],"_links":{"self":[{"href":"http:\/\/www.fischereiverein-wiesenfelden.de\/index.php?rest_route=\/wp\/v2\/pages\/24","targetHints":{"allow":["GET"]}}],"collection":[{"href":"http:\/\/www.fischereiverein-wiesenfelden.de\/index.php?rest_route=\/wp\/v2\/pages"}],"about":[{"href":"http:\/\/www.fischereiverein-wiesenfelden.de\/index.php?rest_route=\/wp\/v2\/types\/page"}],"author":[{"embeddable":true,"href":"http:\/\/www.fischereiverein-wiesenfelden.de\/index.php?rest_route=\/wp\/v2\/users\/2"}],"replies":[{"embeddable":true,"href":"http:\/\/www.fischereiverein-wiesenfelden.de\/index.php?rest_route=%2Fwp%2Fv2%2Fcomments&post=24"}],"version-history":[{"count":12,"href":"http:\/\/www.fischereiverein-wiesenfelden.de\/index.php?rest_route=\/wp\/v2\/pages\/24\/revisions"}],"predecessor-version":[{"id":2236,"href":"http:\/\/www.fischereiverein-wiesenfelden.de\/index.php?rest_route=\/wp\/v2\/pages\/24\/revisions\/2236"}],"wp:attachment":[{"href":"http:\/\/www.fischereiverein-wiesenfelden.de\/index.php?rest_route=%2Fwp%2Fv2%2Fmedia&parent=24"}],"curies":[{"name":"wp","href":"https:\/\/api.w.org\/{rel}","templated":true}]}}