{"id":16,"date":"2011-06-23T13:52:20","date_gmt":"2011-06-23T13:52:20","guid":{"rendered":"http:\/\/www.fischereiverein-wiesenfelden.de\/\/wordpress\/?page_id=16"},"modified":"2025-01-07T08:11:47","modified_gmt":"2025-01-07T08:11:47","slug":"gewasser","status":"publish","type":"page","link":"http:\/\/www.fischereiverein-wiesenfelden.de\/?page_id=16","title":{"rendered":"Gew\u00e4sser"},"content":{"rendered":"<p>Folgende Gew\u00e4sser sind Fischereiverein folgende vier Gew\u00e4sser zur Verf\u00fcgung:<\/p>\n<p>Pachtgew\u00e4sser (Angelkarten erh\u00e4ltlich)<\/p>\n<ul>\n<li><a title=\"Stausee Postfelden\" href=\"http:\/\/www.fischereiverein-wiesenfelden.de\/?page_id=42\">Stausee in Postfelden<\/a><\/li>\n<li><a href=\"http:\/\/www.fischereiverein-wiesenfelden.de\/?page_id=1804\">Neuweiher in Wiesenfelden<\/a><\/li>\n<\/ul>\n<p>Eigentum des Vereins (Aufzuchtgew\u00e4sser)<\/p>\n<ul>\n<li><a title=\"H\u00e4uslweiher und Duscher-Albert-Weiher\" href=\"http:\/\/www.fischereiverein-wiesenfelden.de\/?page_id=44\">H\u00e4uslweiher und Duscher-Albert-Weiher in H\u00f6henberg<\/a><\/li>\n<li><a title=\"Eisenharterweiher\" href=\"http:\/\/www.fischereiverein-wiesenfelden.de\/?page_id=46\">Eisenharterweiher in G\u00f6ttlingenh\u00f6fen<\/a><\/li>\n<li><a href=\"http:\/\/www.fischereiverein-wiesenfelden.de\/?page_id=2470\">Mittnacher Weiher<\/a><\/li>\n<\/ul>\n","protected":false},"excerpt":{"rendered":"<p>Folgende Gew\u00e4sser sind Fischereiverein folgende vier Gew\u00e4sser zur Verf\u00fcgung: Pachtgew\u00e4sser (Angelkarten erh\u00e4ltlich) Stausee in Postfelden Neuweiher in Wiesenfelden Eigentum des Vereins (Aufzuchtgew\u00e4sser)<\/p>\n<p class=\"link-more\"><a class=\"myButt \" href=\"http:\/\/www.fischereiverein-wiesenfelden.de\/?page_id=16\">Zum Beitrag<\/a><\/p>\n","protected":false},"author":2,"featured_media":0,"parent":0,"menu_order":0,"comment_status":"closed","ping_status":"closed","template":"","meta":{"footnotes":""},"class_list":["post-16","page","type-page","status-publish","hentry"],"_links":{"self":[{"href":"http:\/\/www.fischereiverein-wiesenfelden.de\/index.php?rest_route=\/wp\/v2\/pages\/16","targetHints":{"allow":["GET"]}}],"collection":[{"href":"http:\/\/www.fischereiverein-wiesenfelden.de\/index.php?rest_route=\/wp\/v2\/pages"}],"about":[{"href":"http:\/\/www.fischereiverein-wiesenfelden.de\/index.php?rest_route=\/wp\/v2\/types\/page"}],"author":[{"embeddable":true,"href":"http:\/\/www.fischereiverein-wiesenfelden.de\/index.php?rest_route=\/wp\/v2\/users\/2"}],"replies":[{"embeddable":true,"href":"http:\/\/www.fischereiverein-wiesenfelden.de\/index.php?rest_route=%2Fwp%2Fv2%2Fcomments&post=16"}],"version-history":[{"count":12,"href":"http:\/\/www.fischereiverein-wiesenfelden.de\/index.php?rest_route=\/wp\/v2\/pages\/16\/revisions"}],"predecessor-version":[{"id":2481,"href":"http:\/\/www.fischereiverein-wiesenfelden.de\/index.php?rest_route=\/wp\/v2\/pages\/16\/revisions\/2481"}],"wp:attachment":[{"href":"http:\/\/www.fischereiverein-wiesenfelden.de\/index.php?rest_route=%2Fwp%2Fv2%2Fmedia&parent=16"}],"curies":[{"name":"wp","href":"https:\/\/api.w.org\/{rel}","templated":true}]}}